{"id":5,"date":"2016-07-29T09:27:38","date_gmt":"2016-07-29T09:27:38","guid":{"rendered":"http:\/\/ehps.net\/php\/?page_id=5"},"modified":"2022-01-25T12:31:34","modified_gmt":"2022-01-25T12:31:34","slug":"about-this-blog","status":"publish","type":"page","link":"https:\/\/practicalhealthpsychology.com\/tr\/about-this-blog\/","title":{"rendered":"Blog hakk\u0131nda"},"content":{"rendered":"<p>Merhaba, Uygulamal\u0131 Sa\u011fl\u0131k Psikolojisine ho\u015fgeldiniz.<\/p>\n<p>Bu bloglarda en g\u00fcncel sa\u011fl\u0131k psikolojisi ara\u015ft\u0131rmalar\u0131n\u0131 nas\u0131l uygulayabilece\u011finiz hakk\u0131ndad\u0131r. Amac\u0131m\u0131z titiz ve alan\u0131nda uzman ki\u015filer taraf\u0131ndan de\u011ferlendirilmi\u015f ara\u015ft\u0131rmalar\u0131, anla\u015f\u0131labilir blog vas\u0131tas\u0131yla sunmak. Bloglar\u0131m\u0131zda kolayca prati\u011fe ge\u00e7irebilece\u011finizi umuyoruz.<\/p>\n<p>Her ay yay\u0131nlanan bloglara eri\u015febilemek i\u00e7in a\u015fa\u011f\u0131dan \u00fcye olabilirsiniz. Yeni bloglar yay\u0131nland\u0131\u011f\u0131nda size bildirim g\u00f6nderece\u011fiz. Sosyal medya (Facebook) arac\u0131l\u0131\u011f\u0131yla blog i\u00e7eriklerini tart\u0131\u015faca\u011f\u0131z.<\/p>\n<p>Avrupa Sa\u011fl\u0131k Psikolojisi Toplulu\u011funa ba\u011fl\u0131y\u0131z ve yerel edit\u00f6rlerimiz de bu toplulu\u011fa \u00fcyedir. Bloglar\u0131m\u0131z sa\u011fl\u0131k psikolojisi uzmanlar\u0131 taraf\u0131ndan sa\u011fl\u0131k hizmetleri \u00e7al\u0131\u015fanlar\u0131 i\u00e7in bir\u00e7ok dile terc\u00fcme ediliyor.<\/p>\n<p>\u015eimdilik bu kadar. Umar\u0131z bilgileri faydal\u0131 bulursunuz.<\/p>\n<p>&nbsp;<\/p>\n<p><img loading=\"lazy\" decoding=\"async\" class=\"alignnone wp-image-442\" src=\"https:\/\/practicalhealthpsychology.com\/wp-content\/uploads\/2016\/07\/doctor-with-ipad.jpg\" alt=\"\" width=\"1009\" height=\"521\" srcset=\"https:\/\/practicalhealthpsychology.com\/wp-content\/uploads\/2016\/07\/doctor-with-ipad.jpg 1500w, https:\/\/practicalhealthpsychology.com\/wp-content\/uploads\/2016\/07\/doctor-with-ipad-300x155.jpg 300w, https:\/\/practicalhealthpsychology.com\/wp-content\/uploads\/2016\/07\/doctor-with-ipad-768x397.jpg 768w, https:\/\/practicalhealthpsychology.com\/wp-content\/uploads\/2016\/07\/doctor-with-ipad-1024x529.jpg 1024w, https:\/\/practicalhealthpsychology.com\/wp-content\/uploads\/2016\/07\/doctor-with-ipad-830x429.jpg 830w, https:\/\/practicalhealthpsychology.com\/wp-content\/uploads\/2016\/07\/doctor-with-ipad-230x119.jpg 230w, https:\/\/practicalhealthpsychology.com\/wp-content\/uploads\/2016\/07\/doctor-with-ipad-350x181.jpg 350w, https:\/\/practicalhealthpsychology.com\/wp-content\/uploads\/2016\/07\/doctor-with-ipad-480x248.jpg 480w\" sizes=\"(max-width: 1009px) 100vw, 1009px\" \/><\/p>\n","protected":false},"excerpt":{"rendered":"<p>Merhaba, Uygulamal\u0131 Sa\u011fl\u0131k Psikolojisine ho\u015fgeldiniz. Bu bloglarda en g\u00fcncel sa\u011fl\u0131k psikolojisi ara\u015ft\u0131rmalar\u0131n\u0131 nas\u0131l uygulayabilece\u011finiz hakk\u0131ndad\u0131r. Amac\u0131m\u0131z titiz ve alan\u0131nda uzman ki\u015filer taraf\u0131ndan de\u011ferlendirilmi\u015f ara\u015ft\u0131rmalar\u0131, anla\u015f\u0131labilir blog vas\u0131tas\u0131yla sunmak. Bloglar\u0131m\u0131zda kolayca prati\u011fe ge\u00e7irebilece\u011finizi umuyoruz. Her ay yay\u0131nlanan bloglara eri\u015febilemek i\u00e7in a\u015fa\u011f\u0131dan [&hellip;]<\/p>\n","protected":false},"author":1,"featured_media":0,"parent":0,"menu_order":1,"comment_status":"closed","ping_status":"closed","template":"","meta":{"_et_pb_use_builder":"","_et_pb_old_content":"","_et_gb_content_width":"","_monsterinsights_skip_tracking":false,"_monsterinsights_sitenote_active":false,"_monsterinsights_sitenote_note":"","_monsterinsights_sitenote_category":0,"_uf_show_specific_survey":0,"_uf_disable_surveys":false,"footnotes":""},"class_list":["post-5","page","type-page","status-publish","hentry"],"translation":{"provider":"WPGlobus","version":"3.0.2","language":"tr","enabled_languages":["en","id","my","bg","zh","hr","cz","da","de","es","fr","gr","he","it","ja","kr","lv","lt","hu","nl","no","pl","pt","ro","ru","sk","fi","sv","tr","uk"],"languages":{"en":{"title":true,"content":true,"excerpt":false},"id":{"title":true,"content":true,"excerpt":false},"my":{"title":false,"content":false,"excerpt":false},"bg":{"title":true,"content":true,"excerpt":false},"zh":{"title":false,"content":false,"excerpt":false},"hr":{"title":false,"content":false,"excerpt":false},"cz":{"title":true,"content":true,"excerpt":false},"da":{"title":true,"content":true,"excerpt":false},"de":{"title":true,"content":true,"excerpt":false},"es":{"title":true,"content":true,"excerpt":false},"fr":{"title":true,"content":true,"excerpt":false},"gr":{"title":true,"content":true,"excerpt":false},"he":{"title":true,"content":true,"excerpt":false},"it":{"title":false,"content":true,"excerpt":false},"ja":{"title":true,"content":true,"excerpt":false},"kr":{"title":false,"content":false,"excerpt":false},"lv":{"title":true,"content":true,"excerpt":false},"lt":{"title":true,"content":true,"excerpt":false},"hu":{"title":true,"content":true,"excerpt":false},"nl":{"title":true,"content":true,"excerpt":false},"no":{"title":true,"content":true,"excerpt":false},"pl":{"title":true,"content":true,"excerpt":false},"pt":{"title":true,"content":true,"excerpt":false},"ro":{"title":true,"content":true,"excerpt":false},"ru":{"title":true,"content":true,"excerpt":false},"sk":{"title":true,"content":true,"excerpt":false},"fi":{"title":true,"content":true,"excerpt":false},"sv":{"title":false,"content":false,"excerpt":false},"tr":{"title":true,"content":true,"excerpt":false},"uk":{"title":true,"content":true,"excerpt":false}}},"aioseo_notices":[],"_links":{"self":[{"href":"https:\/\/practicalhealthpsychology.com\/tr\/wp-json\/wp\/v2\/pages\/5","targetHints":{"allow":["GET"]}}],"collection":[{"href":"https:\/\/practicalhealthpsychology.com\/tr\/wp-json\/wp\/v2\/pages"}],"about":[{"href":"https:\/\/practicalhealthpsychology.com\/tr\/wp-json\/wp\/v2\/types\/page"}],"author":[{"embeddable":true,"href":"https:\/\/practicalhealthpsychology.com\/tr\/wp-json\/wp\/v2\/users\/1"}],"replies":[{"embeddable":true,"href":"https:\/\/practicalhealthpsychology.com\/tr\/wp-json\/wp\/v2\/comments?post=5"}],"version-history":[{"count":59,"href":"https:\/\/practicalhealthpsychology.com\/tr\/wp-json\/wp\/v2\/pages\/5\/revisions"}],"predecessor-version":[{"id":2450,"href":"https:\/\/practicalhealthpsychology.com\/tr\/wp-json\/wp\/v2\/pages\/5\/revisions\/2450"}],"wp:attachment":[{"href":"https:\/\/practicalhealthpsychology.com\/tr\/wp-json\/wp\/v2\/media?parent=5"}],"curies":[{"name":"wp","href":"https:\/\/api.w.org\/{rel}","templated":true}]}}