{"id":5,"date":"2016-07-29T09:27:38","date_gmt":"2016-07-29T09:27:38","guid":{"rendered":"http:\/\/ehps.net\/php\/?page_id=5"},"modified":"2022-01-25T12:31:34","modified_gmt":"2022-01-25T12:31:34","slug":"about-this-blog","status":"publish","type":"page","link":"https:\/\/practicalhealthpsychology.com\/sk\/about-this-blog\/","title":{"rendered":"O tomto blogu"},"content":{"rendered":"<p>Dobr\u00fd de\u0148 a vitajte na str\u00e1nkach Praktick\u00e1 Psychol\u00f3gia Zdravia.<\/p>\n<p>Toto je blog o \u0161pi\u010dkovom v\u00fdskume v oblasti Psychol\u00f3gie zdravia a o tom ako ho aplikova\u0165 v praxi. Na\u0161\u00edm cie\u013eom je prenies\u0165 d\u00f4kladn\u00fd a recenzovan\u00fd v\u00fdskum do podoby jednoduch\u00fdch a jasn\u00fdch blogov\u00fdch pr\u00edspevkov. Tieto blogy tak m\u00f4\u017eu by\u0165 \u013eahko preveden\u00e9 do ka\u017edodennej praxe.<\/p>\n<p>Ak chcete dost\u00e1va\u0165 na\u0161e pravideln\u00e9 mesa\u010dn\u00e9 blogov\u00e9 pr\u00edspevky, prihl\u00e1ste sa ni\u017e\u0161ie. Po\u0161leme V\u00e1m upozornenie, ke\u010f bud\u00fa k dispoz\u00edcii nov\u00e9 blogov\u00e9 pr\u00edspveky. \u00a0Na \u010fal\u0161iu diskusiu o pr\u00edspevkoch pou\u017e\u00edvame soci\u00e1lne m\u00e9di\u00e1 (Facebook).<\/p>\n<p>Sme napojen\u00ed na European Health Psychology Society a na\u0161i n\u00e1rodn\u00ed editory s\u00fa rekrutovan\u00ed prostredn\u00edctvom tejto siete. Poskytuj\u00fa svoje odborn\u00e9 znalosti s cie\u013eom vysvetli\u0165 poznatky z v\u00fdskumu v oblasti psychol\u00f3gie zdravia zdravotn\u00edckym pracovn\u00edkom \u00a0v nieko\u013ek\u00fdch eur\u00f3pskych jazykoch.<\/p>\n<p>To je v\u0161etko. D\u00fafam, \u017ee sa V\u00e1m to p\u00e1\u010di.<\/p>\n<p>&nbsp;<\/p>\n<p><img loading=\"lazy\" decoding=\"async\" class=\"alignnone wp-image-442\" src=\"https:\/\/practicalhealthpsychology.com\/wp-content\/uploads\/2016\/07\/doctor-with-ipad.jpg\" alt=\"Medicine doctor hand working with modern computer interface as medical concept\" width=\"1500\" height=\"775\" srcset=\"https:\/\/practicalhealthpsychology.com\/wp-content\/uploads\/2016\/07\/doctor-with-ipad.jpg 1500w, https:\/\/practicalhealthpsychology.com\/wp-content\/uploads\/2016\/07\/doctor-with-ipad-300x155.jpg 300w, https:\/\/practicalhealthpsychology.com\/wp-content\/uploads\/2016\/07\/doctor-with-ipad-768x397.jpg 768w, https:\/\/practicalhealthpsychology.com\/wp-content\/uploads\/2016\/07\/doctor-with-ipad-1024x529.jpg 1024w, https:\/\/practicalhealthpsychology.com\/wp-content\/uploads\/2016\/07\/doctor-with-ipad-830x429.jpg 830w, https:\/\/practicalhealthpsychology.com\/wp-content\/uploads\/2016\/07\/doctor-with-ipad-230x119.jpg 230w, https:\/\/practicalhealthpsychology.com\/wp-content\/uploads\/2016\/07\/doctor-with-ipad-350x181.jpg 350w, https:\/\/practicalhealthpsychology.com\/wp-content\/uploads\/2016\/07\/doctor-with-ipad-480x248.jpg 480w\" sizes=\"(max-width: 1500px) 100vw, 1500px\" \/><\/p>\n","protected":false},"excerpt":{"rendered":"<p>Dobr\u00fd de\u0148 a vitajte na str\u00e1nkach Praktick\u00e1 Psychol\u00f3gia Zdravia. Toto je blog o \u0161pi\u010dkovom v\u00fdskume v oblasti Psychol\u00f3gie zdravia a o tom ako ho aplikova\u0165 v praxi. Na\u0161\u00edm cie\u013eom je prenies\u0165 d\u00f4kladn\u00fd a recenzovan\u00fd v\u00fdskum do podoby jednoduch\u00fdch a jasn\u00fdch [&hellip;]<\/p>\n","protected":false},"author":1,"featured_media":0,"parent":0,"menu_order":1,"comment_status":"closed","ping_status":"closed","template":"","meta":{"_et_pb_use_builder":"","_et_pb_old_content":"","_et_gb_content_width":"","_monsterinsights_skip_tracking":false,"_monsterinsights_sitenote_active":false,"_monsterinsights_sitenote_note":"","_monsterinsights_sitenote_category":0,"_uf_show_specific_survey":0,"_uf_disable_surveys":false,"footnotes":""},"class_list":["post-5","page","type-page","status-publish","hentry"],"translation":{"provider":"WPGlobus","version":"3.0.2","language":"sk","enabled_languages":["en","id","my","bg","zh","hr","cz","da","de","es","fr","gr","he","it","ja","kr","lv","lt","hu","nl","no","pl","pt","ro","ru","sk","fi","sv","tr","uk"],"languages":{"en":{"title":true,"content":true,"excerpt":false},"id":{"title":true,"content":true,"excerpt":false},"my":{"title":false,"content":false,"excerpt":false},"bg":{"title":true,"content":true,"excerpt":false},"zh":{"title":false,"content":false,"excerpt":false},"hr":{"title":false,"content":false,"excerpt":false},"cz":{"title":true,"content":true,"excerpt":false},"da":{"title":true,"content":true,"excerpt":false},"de":{"title":true,"content":true,"excerpt":false},"es":{"title":true,"content":true,"excerpt":false},"fr":{"title":true,"content":true,"excerpt":false},"gr":{"title":true,"content":true,"excerpt":false},"he":{"title":true,"content":true,"excerpt":false},"it":{"title":false,"content":true,"excerpt":false},"ja":{"title":true,"content":true,"excerpt":false},"kr":{"title":false,"content":false,"excerpt":false},"lv":{"title":true,"content":true,"excerpt":false},"lt":{"title":true,"content":true,"excerpt":false},"hu":{"title":true,"content":true,"excerpt":false},"nl":{"title":true,"content":true,"excerpt":false},"no":{"title":true,"content":true,"excerpt":false},"pl":{"title":true,"content":true,"excerpt":false},"pt":{"title":true,"content":true,"excerpt":false},"ro":{"title":true,"content":true,"excerpt":false},"ru":{"title":true,"content":true,"excerpt":false},"sk":{"title":true,"content":true,"excerpt":false},"fi":{"title":true,"content":true,"excerpt":false},"sv":{"title":false,"content":false,"excerpt":false},"tr":{"title":true,"content":true,"excerpt":false},"uk":{"title":true,"content":true,"excerpt":false}}},"aioseo_notices":[],"_links":{"self":[{"href":"https:\/\/practicalhealthpsychology.com\/sk\/wp-json\/wp\/v2\/pages\/5","targetHints":{"allow":["GET"]}}],"collection":[{"href":"https:\/\/practicalhealthpsychology.com\/sk\/wp-json\/wp\/v2\/pages"}],"about":[{"href":"https:\/\/practicalhealthpsychology.com\/sk\/wp-json\/wp\/v2\/types\/page"}],"author":[{"embeddable":true,"href":"https:\/\/practicalhealthpsychology.com\/sk\/wp-json\/wp\/v2\/users\/1"}],"replies":[{"embeddable":true,"href":"https:\/\/practicalhealthpsychology.com\/sk\/wp-json\/wp\/v2\/comments?post=5"}],"version-history":[{"count":59,"href":"https:\/\/practicalhealthpsychology.com\/sk\/wp-json\/wp\/v2\/pages\/5\/revisions"}],"predecessor-version":[{"id":2450,"href":"https:\/\/practicalhealthpsychology.com\/sk\/wp-json\/wp\/v2\/pages\/5\/revisions\/2450"}],"wp:attachment":[{"href":"https:\/\/practicalhealthpsychology.com\/sk\/wp-json\/wp\/v2\/media?parent=5"}],"curies":[{"name":"wp","href":"https:\/\/api.w.org\/{rel}","templated":true}]}}