{"id":5,"date":"2016-07-29T09:27:38","date_gmt":"2016-07-29T09:27:38","guid":{"rendered":"http:\/\/ehps.net\/php\/?page_id=5"},"modified":"2022-01-25T12:31:34","modified_gmt":"2022-01-25T12:31:34","slug":"about-this-blog","status":"publish","type":"page","link":"https:\/\/practicalhealthpsychology.com\/lv\/about-this-blog\/","title":{"rendered":"Par \u0161o blogu"},"content":{"rendered":"<p>Sveiciens un laipni l\u016bgti lieti\u0161\u0137\u0101s vesel\u012bbas psiholo\u0123ijas blog\u0101!<\/p>\n<p>\u0160\u012b ir blogs veidots ar m\u0113r\u0137i sekm\u0113t vesel\u012bbas psiholo\u0123ijas izaugsmi un ieviest vesel\u012bbas psiholo\u0123ijas p\u0113t\u012bjumu rezult\u0101tus \u00a0praks\u0113. Bloga uzdevums ir izkl\u0101st\u012bt zin\u0101tniskus un recenz\u0113tus p\u0113t\u012bjumus vienk\u0101r\u0161\u0101 un skaidr\u0101 veid\u0101.<\/p>\n<p>Lai sa\u0146emtu m\u016bsu ikm\u0113ne\u0161a inform\u0101ciju no bloga lapas, Jums j\u0101re\u0123istr\u0113jas zem\u0101k. Kad jauns blogs b\u016bs pieejams, m\u0113s nos\u016bt\u012bsim Jums pazi\u0146ojumu. Blogu izstr\u0101dei un diskusijai m\u0113s izmantojam soci\u0101los medijus (Facebook).<\/p>\n<p>M\u0113s un m\u016bsu nacion\u0101lie redaktori \u0161o vietni veido sadarb\u012bb\u0101 ar Eiropas Vesel\u012bbas psiholo\u0123ijas savien\u012bbu. Nacion\u0101lie redaktori sniedz savu ekspert\u012bzi, lai vair\u0101k\u0101s Eiropas valod\u0101s prakti\u0137iem skaidrotu vesel\u012bbas psiholo\u0123ijas p\u0113t\u012bjumu rezult\u0101tus.<\/p>\n<p>Ceram, ka Jums patiks!<\/p>\n<p>&nbsp;<\/p>\n<p><img loading=\"lazy\" decoding=\"async\" class=\"alignnone wp-image-442\" src=\"https:\/\/practicalhealthpsychology.com\/wp-content\/uploads\/2016\/07\/doctor-with-ipad.jpg\" alt=\"Medicine doctor hand working with modern computer interface as medical concept\" width=\"1500\" height=\"775\" srcset=\"https:\/\/practicalhealthpsychology.com\/wp-content\/uploads\/2016\/07\/doctor-with-ipad.jpg 1500w, https:\/\/practicalhealthpsychology.com\/wp-content\/uploads\/2016\/07\/doctor-with-ipad-300x155.jpg 300w, https:\/\/practicalhealthpsychology.com\/wp-content\/uploads\/2016\/07\/doctor-with-ipad-768x397.jpg 768w, https:\/\/practicalhealthpsychology.com\/wp-content\/uploads\/2016\/07\/doctor-with-ipad-1024x529.jpg 1024w, https:\/\/practicalhealthpsychology.com\/wp-content\/uploads\/2016\/07\/doctor-with-ipad-830x429.jpg 830w, https:\/\/practicalhealthpsychology.com\/wp-content\/uploads\/2016\/07\/doctor-with-ipad-230x119.jpg 230w, https:\/\/practicalhealthpsychology.com\/wp-content\/uploads\/2016\/07\/doctor-with-ipad-350x181.jpg 350w, https:\/\/practicalhealthpsychology.com\/wp-content\/uploads\/2016\/07\/doctor-with-ipad-480x248.jpg 480w\" sizes=\"(max-width: 1500px) 100vw, 1500px\" \/><\/p>\n","protected":false},"excerpt":{"rendered":"<p>Sveiciens un laipni l\u016bgti lieti\u0161\u0137\u0101s vesel\u012bbas psiholo\u0123ijas blog\u0101! \u0160\u012b ir blogs veidots ar m\u0113r\u0137i sekm\u0113t vesel\u012bbas psiholo\u0123ijas izaugsmi un ieviest vesel\u012bbas psiholo\u0123ijas p\u0113t\u012bjumu rezult\u0101tus \u00a0praks\u0113. Bloga uzdevums ir izkl\u0101st\u012bt zin\u0101tniskus un recenz\u0113tus p\u0113t\u012bjumus vienk\u0101r\u0161\u0101 un skaidr\u0101 veid\u0101. Lai sa\u0146emtu m\u016bsu [&hellip;]<\/p>\n","protected":false},"author":1,"featured_media":0,"parent":0,"menu_order":1,"comment_status":"closed","ping_status":"closed","template":"","meta":{"_et_pb_use_builder":"","_et_pb_old_content":"","_et_gb_content_width":"","_monsterinsights_skip_tracking":false,"_monsterinsights_sitenote_active":false,"_monsterinsights_sitenote_note":"","_monsterinsights_sitenote_category":0,"_uf_show_specific_survey":0,"_uf_disable_surveys":false,"footnotes":""},"class_list":["post-5","page","type-page","status-publish","hentry"],"translation":{"provider":"WPGlobus","version":"3.0.2","language":"lv","enabled_languages":["en","id","my","bg","zh","hr","cz","da","de","es","fr","gr","he","it","ja","kr","lv","lt","hu","nl","no","pl","pt","ro","ru","sk","fi","sv","tr","uk"],"languages":{"en":{"title":true,"content":true,"excerpt":false},"id":{"title":true,"content":true,"excerpt":false},"my":{"title":false,"content":false,"excerpt":false},"bg":{"title":true,"content":true,"excerpt":false},"zh":{"title":false,"content":false,"excerpt":false},"hr":{"title":false,"content":false,"excerpt":false},"cz":{"title":true,"content":true,"excerpt":false},"da":{"title":true,"content":true,"excerpt":false},"de":{"title":true,"content":true,"excerpt":false},"es":{"title":true,"content":true,"excerpt":false},"fr":{"title":true,"content":true,"excerpt":false},"gr":{"title":true,"content":true,"excerpt":false},"he":{"title":true,"content":true,"excerpt":false},"it":{"title":false,"content":true,"excerpt":false},"ja":{"title":true,"content":true,"excerpt":false},"kr":{"title":false,"content":false,"excerpt":false},"lv":{"title":true,"content":true,"excerpt":false},"lt":{"title":true,"content":true,"excerpt":false},"hu":{"title":true,"content":true,"excerpt":false},"nl":{"title":true,"content":true,"excerpt":false},"no":{"title":true,"content":true,"excerpt":false},"pl":{"title":true,"content":true,"excerpt":false},"pt":{"title":true,"content":true,"excerpt":false},"ro":{"title":true,"content":true,"excerpt":false},"ru":{"title":true,"content":true,"excerpt":false},"sk":{"title":true,"content":true,"excerpt":false},"fi":{"title":true,"content":true,"excerpt":false},"sv":{"title":false,"content":false,"excerpt":false},"tr":{"title":true,"content":true,"excerpt":false},"uk":{"title":true,"content":true,"excerpt":false}}},"aioseo_notices":[],"_links":{"self":[{"href":"https:\/\/practicalhealthpsychology.com\/lv\/wp-json\/wp\/v2\/pages\/5","targetHints":{"allow":["GET"]}}],"collection":[{"href":"https:\/\/practicalhealthpsychology.com\/lv\/wp-json\/wp\/v2\/pages"}],"about":[{"href":"https:\/\/practicalhealthpsychology.com\/lv\/wp-json\/wp\/v2\/types\/page"}],"author":[{"embeddable":true,"href":"https:\/\/practicalhealthpsychology.com\/lv\/wp-json\/wp\/v2\/users\/1"}],"replies":[{"embeddable":true,"href":"https:\/\/practicalhealthpsychology.com\/lv\/wp-json\/wp\/v2\/comments?post=5"}],"version-history":[{"count":59,"href":"https:\/\/practicalhealthpsychology.com\/lv\/wp-json\/wp\/v2\/pages\/5\/revisions"}],"predecessor-version":[{"id":2450,"href":"https:\/\/practicalhealthpsychology.com\/lv\/wp-json\/wp\/v2\/pages\/5\/revisions\/2450"}],"wp:attachment":[{"href":"https:\/\/practicalhealthpsychology.com\/lv\/wp-json\/wp\/v2\/media?parent=5"}],"curies":[{"name":"wp","href":"https:\/\/api.w.org\/{rel}","templated":true}]}}