{"id":5,"date":"2016-07-29T09:27:38","date_gmt":"2016-07-29T09:27:38","guid":{"rendered":"http:\/\/ehps.net\/php\/?page_id=5"},"modified":"2022-01-25T12:31:34","modified_gmt":"2022-01-25T12:31:34","slug":"about-this-blog","status":"publish","type":"page","link":"https:\/\/practicalhealthpsychology.com\/hu\/about-this-blog\/","title":{"rendered":"Err\u0151l a blogr\u00f3l"},"content":{"rendered":"<p>\u00d6r\u00f6mmel k\u00f6sz\u00f6nt\u00fcnk az Alkalmazott Eg\u00e9szs\u00e9g Pszichol\u00f3gia honlapj\u00e1n.<\/p>\n<p>Ez egy blog az \u00e9lvonalbeli Eg\u00e9szs\u00e9g Pszichol\u00f3gai kutat\u00e1sokr\u00f3l, \u00e9s arr\u00f3l, hogyan alkalmazzuk azok erem\u00e9nyeit a gyakorlatban. C\u00e9lunk, hogy a szigor\u00fa, t\u00f6bbsz\u00f6r\u00f6sen lektor\u00e1lt kutat\u00e1sokat leford\u00edtsuk egyszer\u0171, vil\u00e1gos blog ki\u00edr\u00e1sok nyelv\u00e9re. Ezek a ki\u00edr\u00e1sok k\u00f6nnyen \u00e1tford\u00edthat\u00f3ak a gyakorlatba.<\/p>\n<p>Hogy megkapja havonta megjelen\u0151 ki\u00edr\u00e1sankat, itt tud feliratkozni. Ertes\u00edt\u00e9st k\u00fcld\u00fcnk, amikor az \u00faj blog ki\u00edr\u00e1sok el\u00e9rhet\u0151v\u00e9 v\u00e1lnak. A t\u00e9m\u00e1k feldolgoz\u00e1s\u00e1ra, diszkusszi\u00f3j\u00e1ra a Facebook-ot haszn\u00e1juk.<\/p>\n<p>Az Eur\u00f3pai Eg\u00e9szs\u00e9gpszichol\u00f3giai T\u00e1rsas\u00e1ghoz tartozunk, \u00edgy a nemzeti szerkeszt\u0151inket a T\u00e1rsas\u00e1gon kereszt\u00fcl toborozzuk. \u0150k ny\u00fajtj\u00e1k a szaktud\u00e1sukat, hogy megmagyar\u00e1zz\u00e1k az eg\u00e9szs\u00e9gpszichol\u00f3giai kutat\u00e1sok eredm\u00e9nyeit a gyakorlati szakembereknek \u2013 n\u00e9h\u00e1ny eur\u00f3pai nyelven.<\/p>\n<p>Ennyi. Rem\u00e9lj\u00fck, tetszik.<\/p>\n<p>&nbsp;<\/p>\n<p><img loading=\"lazy\" decoding=\"async\" class=\"alignnone wp-image-442\" src=\"https:\/\/practicalhealthpsychology.com\/wp-content\/uploads\/2016\/07\/doctor-with-ipad.jpg\" alt=\"Medicine doctor hand working with modern computer interface as medical concept\" width=\"1500\" height=\"775\" srcset=\"https:\/\/practicalhealthpsychology.com\/wp-content\/uploads\/2016\/07\/doctor-with-ipad.jpg 1500w, https:\/\/practicalhealthpsychology.com\/wp-content\/uploads\/2016\/07\/doctor-with-ipad-300x155.jpg 300w, https:\/\/practicalhealthpsychology.com\/wp-content\/uploads\/2016\/07\/doctor-with-ipad-768x397.jpg 768w, https:\/\/practicalhealthpsychology.com\/wp-content\/uploads\/2016\/07\/doctor-with-ipad-1024x529.jpg 1024w, https:\/\/practicalhealthpsychology.com\/wp-content\/uploads\/2016\/07\/doctor-with-ipad-830x429.jpg 830w, https:\/\/practicalhealthpsychology.com\/wp-content\/uploads\/2016\/07\/doctor-with-ipad-230x119.jpg 230w, https:\/\/practicalhealthpsychology.com\/wp-content\/uploads\/2016\/07\/doctor-with-ipad-350x181.jpg 350w, https:\/\/practicalhealthpsychology.com\/wp-content\/uploads\/2016\/07\/doctor-with-ipad-480x248.jpg 480w\" sizes=\"(max-width: 1500px) 100vw, 1500px\" \/><\/p>\n","protected":false},"excerpt":{"rendered":"<p>\u00d6r\u00f6mmel k\u00f6sz\u00f6nt\u00fcnk az Alkalmazott Eg\u00e9szs\u00e9g Pszichol\u00f3gia honlapj\u00e1n. Ez egy blog az \u00e9lvonalbeli Eg\u00e9szs\u00e9g Pszichol\u00f3gai kutat\u00e1sokr\u00f3l, \u00e9s arr\u00f3l, hogyan alkalmazzuk azok erem\u00e9nyeit a gyakorlatban. C\u00e9lunk, hogy a szigor\u00fa, t\u00f6bbsz\u00f6r\u00f6sen lektor\u00e1lt kutat\u00e1sokat leford\u00edtsuk egyszer\u0171, vil\u00e1gos blog ki\u00edr\u00e1sok nyelv\u00e9re. Ezek a ki\u00edr\u00e1sok k\u00f6nnyen [&hellip;]<\/p>\n","protected":false},"author":1,"featured_media":0,"parent":0,"menu_order":1,"comment_status":"closed","ping_status":"closed","template":"","meta":{"_et_pb_use_builder":"","_et_pb_old_content":"","_et_gb_content_width":"","_monsterinsights_skip_tracking":false,"_monsterinsights_sitenote_active":false,"_monsterinsights_sitenote_note":"","_monsterinsights_sitenote_category":0,"_uf_show_specific_survey":0,"_uf_disable_surveys":false,"footnotes":""},"class_list":["post-5","page","type-page","status-publish","hentry"],"translation":{"provider":"WPGlobus","version":"3.0.2","language":"hu","enabled_languages":["en","id","my","bg","zh","hr","cz","da","de","es","fr","gr","he","it","ja","kr","lv","lt","hu","nl","no","pl","pt","ro","ru","sk","fi","sv","tr","uk"],"languages":{"en":{"title":true,"content":true,"excerpt":false},"id":{"title":true,"content":true,"excerpt":false},"my":{"title":false,"content":false,"excerpt":false},"bg":{"title":true,"content":true,"excerpt":false},"zh":{"title":false,"content":false,"excerpt":false},"hr":{"title":false,"content":false,"excerpt":false},"cz":{"title":true,"content":true,"excerpt":false},"da":{"title":true,"content":true,"excerpt":false},"de":{"title":true,"content":true,"excerpt":false},"es":{"title":true,"content":true,"excerpt":false},"fr":{"title":true,"content":true,"excerpt":false},"gr":{"title":true,"content":true,"excerpt":false},"he":{"title":true,"content":true,"excerpt":false},"it":{"title":false,"content":true,"excerpt":false},"ja":{"title":true,"content":true,"excerpt":false},"kr":{"title":false,"content":false,"excerpt":false},"lv":{"title":true,"content":true,"excerpt":false},"lt":{"title":true,"content":true,"excerpt":false},"hu":{"title":true,"content":true,"excerpt":false},"nl":{"title":true,"content":true,"excerpt":false},"no":{"title":true,"content":true,"excerpt":false},"pl":{"title":true,"content":true,"excerpt":false},"pt":{"title":true,"content":true,"excerpt":false},"ro":{"title":true,"content":true,"excerpt":false},"ru":{"title":true,"content":true,"excerpt":false},"sk":{"title":true,"content":true,"excerpt":false},"fi":{"title":true,"content":true,"excerpt":false},"sv":{"title":false,"content":false,"excerpt":false},"tr":{"title":true,"content":true,"excerpt":false},"uk":{"title":true,"content":true,"excerpt":false}}},"aioseo_notices":[],"_links":{"self":[{"href":"https:\/\/practicalhealthpsychology.com\/hu\/wp-json\/wp\/v2\/pages\/5","targetHints":{"allow":["GET"]}}],"collection":[{"href":"https:\/\/practicalhealthpsychology.com\/hu\/wp-json\/wp\/v2\/pages"}],"about":[{"href":"https:\/\/practicalhealthpsychology.com\/hu\/wp-json\/wp\/v2\/types\/page"}],"author":[{"embeddable":true,"href":"https:\/\/practicalhealthpsychology.com\/hu\/wp-json\/wp\/v2\/users\/1"}],"replies":[{"embeddable":true,"href":"https:\/\/practicalhealthpsychology.com\/hu\/wp-json\/wp\/v2\/comments?post=5"}],"version-history":[{"count":59,"href":"https:\/\/practicalhealthpsychology.com\/hu\/wp-json\/wp\/v2\/pages\/5\/revisions"}],"predecessor-version":[{"id":2450,"href":"https:\/\/practicalhealthpsychology.com\/hu\/wp-json\/wp\/v2\/pages\/5\/revisions\/2450"}],"wp:attachment":[{"href":"https:\/\/practicalhealthpsychology.com\/hu\/wp-json\/wp\/v2\/media?parent=5"}],"curies":[{"name":"wp","href":"https:\/\/api.w.org\/{rel}","templated":true}]}}