{"id":5,"date":"2016-07-29T09:27:38","date_gmt":"2016-07-29T09:27:38","guid":{"rendered":"http:\/\/ehps.net\/php\/?page_id=5"},"modified":"2022-01-25T12:31:34","modified_gmt":"2022-01-25T12:31:34","slug":"about-this-blog","status":"publish","type":"page","link":"https:\/\/practicalhealthpsychology.com\/de\/about-this-blog\/","title":{"rendered":"\u00dcber diesen Blog"},"content":{"rendered":"<p>Hallo und willkommen zu Angewandte Gesundheitspsychologie.<\/p>\n<p>Dies ist ein Blog \u00fcber topaktuelle gesundheitspsychologische Erkenntnisse und wie diese in der Praxis Anwendung finden k\u00f6nnen. Unser Ziel ist es, anspruchsvolle peer-begutachtete Forschung in einfache und klar verst\u00e4ndliche Blog-Beitr\u00e4ge zu \u00fcbersetzen. Diese Beitr\u00e4ge k\u00f6nnen leicht in der Praxis umgesetzt werden.<\/p>\n<p>Um unsere monatlichen Blog-Beitr\u00e4ge zu erhalten, k\u00f6nnen Sie sich weiter unten einschreiben. Wir mailen Ihnen dann, wenn neue Beitr\u00e4ge zur Verf\u00fcgung stehen. Dar\u00fcber hinaus nutzen wir soziale Medien (Facebook), um die Blog-Beitr\u00e4ge zu diskutieren.<\/p>\n<p>Wir sind mit der European Health Psychology Society affiliiert, der auch unsere nationalen MitherausgeberInnen entstammen. Sie bringen ihre Expertise ein, um gesundheitspsychologische Forschung verst\u00e4ndlich f\u00fcr PraktikerInnen verschiedener europ\u00e4ischer Sprachen aufzubereiten.<\/p>\n<p>Wir hoffe es gef\u00e4llt Ihnen.<\/p>\n<p>&nbsp;<\/p>\n<p><img loading=\"lazy\" decoding=\"async\" class=\"alignnone wp-image-442\" src=\"https:\/\/practicalhealthpsychology.com\/wp-content\/uploads\/2016\/07\/doctor-with-ipad.jpg\" alt=\"Medicine doctor hand working with modern computer interface as medical concept\" width=\"1500\" height=\"775\" srcset=\"https:\/\/practicalhealthpsychology.com\/wp-content\/uploads\/2016\/07\/doctor-with-ipad.jpg 1500w, https:\/\/practicalhealthpsychology.com\/wp-content\/uploads\/2016\/07\/doctor-with-ipad-300x155.jpg 300w, https:\/\/practicalhealthpsychology.com\/wp-content\/uploads\/2016\/07\/doctor-with-ipad-768x397.jpg 768w, https:\/\/practicalhealthpsychology.com\/wp-content\/uploads\/2016\/07\/doctor-with-ipad-1024x529.jpg 1024w, https:\/\/practicalhealthpsychology.com\/wp-content\/uploads\/2016\/07\/doctor-with-ipad-830x429.jpg 830w, https:\/\/practicalhealthpsychology.com\/wp-content\/uploads\/2016\/07\/doctor-with-ipad-230x119.jpg 230w, https:\/\/practicalhealthpsychology.com\/wp-content\/uploads\/2016\/07\/doctor-with-ipad-350x181.jpg 350w, https:\/\/practicalhealthpsychology.com\/wp-content\/uploads\/2016\/07\/doctor-with-ipad-480x248.jpg 480w\" sizes=\"(max-width: 1500px) 100vw, 1500px\" \/><\/p>\n","protected":false},"excerpt":{"rendered":"<p>Hallo und willkommen zu Angewandte Gesundheitspsychologie. Dies ist ein Blog \u00fcber topaktuelle gesundheitspsychologische Erkenntnisse und wie diese in der Praxis Anwendung finden k\u00f6nnen. Unser Ziel ist es, anspruchsvolle peer-begutachtete Forschung in einfache und klar verst\u00e4ndliche Blog-Beitr\u00e4ge zu \u00fcbersetzen. Diese Beitr\u00e4ge [&hellip;]<\/p>\n","protected":false},"author":1,"featured_media":0,"parent":0,"menu_order":1,"comment_status":"closed","ping_status":"closed","template":"","meta":{"_et_pb_use_builder":"","_et_pb_old_content":"","_et_gb_content_width":"","_monsterinsights_skip_tracking":false,"_monsterinsights_sitenote_active":false,"_monsterinsights_sitenote_note":"","_monsterinsights_sitenote_category":0,"_uf_show_specific_survey":0,"_uf_disable_surveys":false,"footnotes":""},"class_list":["post-5","page","type-page","status-publish","hentry"],"translation":{"provider":"WPGlobus","version":"3.0.2","language":"de","enabled_languages":["en","id","my","bg","zh","hr","cz","da","de","es","fr","gr","he","it","ja","kr","lv","lt","hu","nl","no","pl","pt","ro","ru","sk","fi","sv","tr","uk"],"languages":{"en":{"title":true,"content":true,"excerpt":false},"id":{"title":true,"content":true,"excerpt":false},"my":{"title":false,"content":false,"excerpt":false},"bg":{"title":true,"content":true,"excerpt":false},"zh":{"title":false,"content":false,"excerpt":false},"hr":{"title":false,"content":false,"excerpt":false},"cz":{"title":true,"content":true,"excerpt":false},"da":{"title":true,"content":true,"excerpt":false},"de":{"title":true,"content":true,"excerpt":false},"es":{"title":true,"content":true,"excerpt":false},"fr":{"title":true,"content":true,"excerpt":false},"gr":{"title":true,"content":true,"excerpt":false},"he":{"title":true,"content":true,"excerpt":false},"it":{"title":false,"content":true,"excerpt":false},"ja":{"title":true,"content":true,"excerpt":false},"kr":{"title":false,"content":false,"excerpt":false},"lv":{"title":true,"content":true,"excerpt":false},"lt":{"title":true,"content":true,"excerpt":false},"hu":{"title":true,"content":true,"excerpt":false},"nl":{"title":true,"content":true,"excerpt":false},"no":{"title":true,"content":true,"excerpt":false},"pl":{"title":true,"content":true,"excerpt":false},"pt":{"title":true,"content":true,"excerpt":false},"ro":{"title":true,"content":true,"excerpt":false},"ru":{"title":true,"content":true,"excerpt":false},"sk":{"title":true,"content":true,"excerpt":false},"fi":{"title":true,"content":true,"excerpt":false},"sv":{"title":false,"content":false,"excerpt":false},"tr":{"title":true,"content":true,"excerpt":false},"uk":{"title":true,"content":true,"excerpt":false}}},"aioseo_notices":[],"_links":{"self":[{"href":"https:\/\/practicalhealthpsychology.com\/de\/wp-json\/wp\/v2\/pages\/5","targetHints":{"allow":["GET"]}}],"collection":[{"href":"https:\/\/practicalhealthpsychology.com\/de\/wp-json\/wp\/v2\/pages"}],"about":[{"href":"https:\/\/practicalhealthpsychology.com\/de\/wp-json\/wp\/v2\/types\/page"}],"author":[{"embeddable":true,"href":"https:\/\/practicalhealthpsychology.com\/de\/wp-json\/wp\/v2\/users\/1"}],"replies":[{"embeddable":true,"href":"https:\/\/practicalhealthpsychology.com\/de\/wp-json\/wp\/v2\/comments?post=5"}],"version-history":[{"count":59,"href":"https:\/\/practicalhealthpsychology.com\/de\/wp-json\/wp\/v2\/pages\/5\/revisions"}],"predecessor-version":[{"id":2450,"href":"https:\/\/practicalhealthpsychology.com\/de\/wp-json\/wp\/v2\/pages\/5\/revisions\/2450"}],"wp:attachment":[{"href":"https:\/\/practicalhealthpsychology.com\/de\/wp-json\/wp\/v2\/media?parent=5"}],"curies":[{"name":"wp","href":"https:\/\/api.w.org\/{rel}","templated":true}]}}