{"id":5,"date":"2016-07-29T09:27:38","date_gmt":"2016-07-29T09:27:38","guid":{"rendered":"http:\/\/ehps.net\/php\/?page_id=5"},"modified":"2022-01-25T12:31:34","modified_gmt":"2022-01-25T12:31:34","slug":"about-this-blog","status":"publish","type":"page","link":"https:\/\/practicalhealthpsychology.com\/cz\/about-this-blog\/","title":{"rendered":"O blogu"},"content":{"rendered":"<p>V\u00edtejte v Psychologii zdrav\u00ed pro praxi<strong><br \/>\n<\/strong><\/p>\n<p>Tento blog se zab\u00fdv\u00e1 nejnov\u011bj\u0161\u00edmi trendy v psychologii zdrav\u00ed a jejich uplatn\u011bn\u00edm v praxi. Na\u0161\u00edm c\u00edlem je p\u0159en\u00e9st recenzovan\u00e9 v\u011bdeck\u00e9 v\u00fdzkumn\u00e9 pr\u00e1ce do jednoduch\u00fdch a srozumiteln\u00fdch blogov\u00fdch p\u0159\u00edsp\u011bvk\u016f.<\/p>\n<p>Poznatky v jednotliv\u00fdch p\u0159\u00edsp\u011bvc\u00edch mohou b\u00fdt snadno p\u0159eneseny do praxe.<\/p>\n<p>Pokud chcete jednou za m\u011bs\u00edc dost\u00e1vat p\u0159\u00edsp\u011bvky, zaregistrujte se n\u00ed\u017ee.<\/p>\n<p>V\u017edy, kdy\u017e bude k dispozici nov\u00fd p\u0159\u00edsp\u011bvek, V\u00e1m za\u0161leme upozorn\u011bn\u00ed.<\/p>\n<p>K diskus\u00edm nad p\u0159\u00edsp\u011bvky a rozv\u00e1d\u011bn\u00ed t\u00e9mat vyu\u017e\u00edv\u00e1me soci\u00e1ln\u00ed m\u00e9dia (Facebook).<\/p>\n<p>Jsme \u010dleny\u00a0 Evropsk\u00e9 spole\u010dnosti pro psychologii zdrav\u00ed.\u00a0 Edito\u0159i jednotliv\u00fdch zem\u00ed, nab\u00edran\u00ed z \u010dlensk\u00e9 z\u00e1kladny t\u00e9to organizace,<\/p>\n<p>poskytuj\u00ed sv\u00e9 odborn\u00e9 znalosti a v n\u011bkolika jazyc\u00edch objas\u0148uj\u00ed poznatky psychologie zdrav\u00ed pro \u00fa\u010dely praxe.<\/p>\n<p>A je to<strong>.<\/strong> Douf\u00e1me, \u017ee se v\u00e1m bude l\u00edbit.<\/p>\n<p><img loading=\"lazy\" decoding=\"async\" class=\"alignnone wp-image-442\" src=\"https:\/\/practicalhealthpsychology.com\/wp-content\/uploads\/2016\/07\/doctor-with-ipad.jpg\" alt=\"Medicine doctor hand working with modern computer interface as medical concept\" width=\"1500\" height=\"775\" srcset=\"https:\/\/practicalhealthpsychology.com\/wp-content\/uploads\/2016\/07\/doctor-with-ipad.jpg 1500w, https:\/\/practicalhealthpsychology.com\/wp-content\/uploads\/2016\/07\/doctor-with-ipad-300x155.jpg 300w, https:\/\/practicalhealthpsychology.com\/wp-content\/uploads\/2016\/07\/doctor-with-ipad-768x397.jpg 768w, https:\/\/practicalhealthpsychology.com\/wp-content\/uploads\/2016\/07\/doctor-with-ipad-1024x529.jpg 1024w, https:\/\/practicalhealthpsychology.com\/wp-content\/uploads\/2016\/07\/doctor-with-ipad-830x429.jpg 830w, https:\/\/practicalhealthpsychology.com\/wp-content\/uploads\/2016\/07\/doctor-with-ipad-230x119.jpg 230w, https:\/\/practicalhealthpsychology.com\/wp-content\/uploads\/2016\/07\/doctor-with-ipad-350x181.jpg 350w, https:\/\/practicalhealthpsychology.com\/wp-content\/uploads\/2016\/07\/doctor-with-ipad-480x248.jpg 480w\" sizes=\"(max-width: 1500px) 100vw, 1500px\" \/><\/p>\n","protected":false},"excerpt":{"rendered":"<p>V\u00edtejte v Psychologii zdrav\u00ed pro praxi Tento blog se zab\u00fdv\u00e1 nejnov\u011bj\u0161\u00edmi trendy v psychologii zdrav\u00ed a jejich uplatn\u011bn\u00edm v praxi. Na\u0161\u00edm c\u00edlem je p\u0159en\u00e9st recenzovan\u00e9 v\u011bdeck\u00e9 v\u00fdzkumn\u00e9 pr\u00e1ce do jednoduch\u00fdch a srozumiteln\u00fdch blogov\u00fdch p\u0159\u00edsp\u011bvk\u016f. Poznatky v jednotliv\u00fdch p\u0159\u00edsp\u011bvc\u00edch mohou b\u00fdt [&hellip;]<\/p>\n","protected":false},"author":1,"featured_media":0,"parent":0,"menu_order":1,"comment_status":"closed","ping_status":"closed","template":"","meta":{"_et_pb_use_builder":"","_et_pb_old_content":"","_et_gb_content_width":"","_monsterinsights_skip_tracking":false,"_monsterinsights_sitenote_active":false,"_monsterinsights_sitenote_note":"","_monsterinsights_sitenote_category":0,"_uf_show_specific_survey":0,"_uf_disable_surveys":false,"footnotes":""},"class_list":["post-5","page","type-page","status-publish","hentry"],"translation":{"provider":"WPGlobus","version":"3.0.2","language":"cz","enabled_languages":["en","id","my","bg","zh","hr","cz","da","de","es","fr","gr","he","it","ja","kr","lv","lt","hu","nl","no","pl","pt","ro","ru","sk","fi","sv","tr","uk"],"languages":{"en":{"title":true,"content":true,"excerpt":false},"id":{"title":true,"content":true,"excerpt":false},"my":{"title":false,"content":false,"excerpt":false},"bg":{"title":true,"content":true,"excerpt":false},"zh":{"title":false,"content":false,"excerpt":false},"hr":{"title":false,"content":false,"excerpt":false},"cz":{"title":true,"content":true,"excerpt":false},"da":{"title":true,"content":true,"excerpt":false},"de":{"title":true,"content":true,"excerpt":false},"es":{"title":true,"content":true,"excerpt":false},"fr":{"title":true,"content":true,"excerpt":false},"gr":{"title":true,"content":true,"excerpt":false},"he":{"title":true,"content":true,"excerpt":false},"it":{"title":false,"content":true,"excerpt":false},"ja":{"title":true,"content":true,"excerpt":false},"kr":{"title":false,"content":false,"excerpt":false},"lv":{"title":true,"content":true,"excerpt":false},"lt":{"title":true,"content":true,"excerpt":false},"hu":{"title":true,"content":true,"excerpt":false},"nl":{"title":true,"content":true,"excerpt":false},"no":{"title":true,"content":true,"excerpt":false},"pl":{"title":true,"content":true,"excerpt":false},"pt":{"title":true,"content":true,"excerpt":false},"ro":{"title":true,"content":true,"excerpt":false},"ru":{"title":true,"content":true,"excerpt":false},"sk":{"title":true,"content":true,"excerpt":false},"fi":{"title":true,"content":true,"excerpt":false},"sv":{"title":false,"content":false,"excerpt":false},"tr":{"title":true,"content":true,"excerpt":false},"uk":{"title":true,"content":true,"excerpt":false}}},"aioseo_notices":[],"_links":{"self":[{"href":"https:\/\/practicalhealthpsychology.com\/cz\/wp-json\/wp\/v2\/pages\/5","targetHints":{"allow":["GET"]}}],"collection":[{"href":"https:\/\/practicalhealthpsychology.com\/cz\/wp-json\/wp\/v2\/pages"}],"about":[{"href":"https:\/\/practicalhealthpsychology.com\/cz\/wp-json\/wp\/v2\/types\/page"}],"author":[{"embeddable":true,"href":"https:\/\/practicalhealthpsychology.com\/cz\/wp-json\/wp\/v2\/users\/1"}],"replies":[{"embeddable":true,"href":"https:\/\/practicalhealthpsychology.com\/cz\/wp-json\/wp\/v2\/comments?post=5"}],"version-history":[{"count":59,"href":"https:\/\/practicalhealthpsychology.com\/cz\/wp-json\/wp\/v2\/pages\/5\/revisions"}],"predecessor-version":[{"id":2450,"href":"https:\/\/practicalhealthpsychology.com\/cz\/wp-json\/wp\/v2\/pages\/5\/revisions\/2450"}],"wp:attachment":[{"href":"https:\/\/practicalhealthpsychology.com\/cz\/wp-json\/wp\/v2\/media?parent=5"}],"curies":[{"name":"wp","href":"https:\/\/api.w.org\/{rel}","templated":true}]}}